{"id":279,"date":"2024-06-03T13:27:18","date_gmt":"2024-06-03T11:27:18","guid":{"rendered":"https:\/\/inteal.es\/about\/"},"modified":"2024-07-14T17:43:07","modified_gmt":"2024-07-14T15:43:07","slug":"sobre-nosotros","status":"publish","type":"page","link":"https:\/\/www.inteal.es\/en\/sobre-nosotros\/","title":{"rendered":"About us"},"content":{"rendered":"<div class=\"wp-block-uagb-container uagb-block-d43d0c88 alignfull uagb-is-root-container\"><div class=\"uagb-container-inner-blocks-wrap\">\n<div class=\"wp-block-uagb-advanced-heading uagb-block-8f5d1181\"><p class=\"uagb-desc-text\">About us<\/p><h1 class=\"uagb-heading-text\">Descubre m\u00e1s sobre INTEAL<\/h1><\/div>\n<\/div><\/div>\n\n\n\n<div class=\"wp-block-uagb-container uagb-block-7225cbb4 alignfull uagb-is-root-container\"><div class=\"uagb-container-inner-blocks-wrap\">\n<div class=\"wp-block-uagb-container uagb-layout-grid uagb-block-6fe18104\">\n<div class=\"wp-block-uagb-info-box uagb-block-2fba8f42 uagb-infobox__content-wrap  uagb-infobox-icon-above-title uagb-infobox-image-valign-top wp-block-uagb-info-box--has-margin\"><div class=\"uagb-infobox-margin-wrapper\"><div class=\"uagb-ifb-content\"><div class=\"uagb-ifb-title-wrap\"><p class=\"uagb-ifb-title-prefix\">About<\/p><h2 class=\"uagb-ifb-title\">Detailed information about our Company<\/h2><\/div><p class=\"uagb-ifb-desc\">En Inteal, estamos dedicados a optimizar la eficiencia y la seguridad de las operaciones empresariales a trav\u00e9s de nuestras soluciones tecnol\u00f3gicas avanzadas y personalizadas. Nos especializamos en la implementaci\u00f3n de estrategias innovadoras que abordan las necesidades espec\u00edficas de cada cliente, garantizando la m\u00e1xima productividad y fiabilidad en sus procesos operativos.<\/p><\/div><\/div><\/div>\n\n\n\n<div class=\"wp-block-uagb-image uagb-block-8b152943 wp-block-uagb-image--layout-default wp-block-uagb-image--effect-static wp-block-uagb-image--align-none\"><figure class=\"wp-block-uagb-image__figure\"><img decoding=\"async\" srcset=\"https:\/\/inteal.es\/wp-content\/uploads\/2024\/06\/pexels-photo-4480453-4480453-683x1024.jpg ,https:\/\/inteal.es\/wp-content\/uploads\/2024\/06\/pexels-photo-4480453-4480453.jpg 780w, https:\/\/inteal.es\/wp-content\/uploads\/2024\/06\/pexels-photo-4480453-4480453.jpg 360w\" sizes=\"auto, (max-width: 480px) 150px\" src=\"https:\/\/inteal.es\/wp-content\/uploads\/2024\/06\/pexels-photo-4480453-4480453-683x1024.jpg\" alt=\"pexels-photo-4480453-4480453.jpg\" class=\"uag-image-540\" width=\"560\" height=\"500\" title=\"pexels-photo-4480453-4480453\" loading=\"lazy\" role=\"img\"\/><\/figure><\/div>\n<\/div>\n\n\n\n<div class=\"wp-block-uagb-container uagb-block-33d70679\">\n<div class=\"wp-block-uagb-advanced-heading uagb-block-21d8d6d7\"><p class=\"uagb-desc-text\">History of<\/p><h2 class=\"uagb-heading-text\">Our History in the Market<\/h2><\/div>\n\n\n\n<div class=\"wp-block-columns is-layout-flex wp-container-core-columns-is-layout-28f84493 wp-block-columns-is-layout-flex\">\n<div class=\"wp-block-column is-layout-flow wp-block-column-is-layout-flow\" style=\"flex-basis:100%\"><\/div>\n<\/div>\n<\/div>\n\n\n\n<div class=\"wp-block-uagb-advanced-heading uagb-block-e637110f\"><p class=\"uagb-desc-text\">Desde nuestra fundaci\u00f3n, Inteal ha evolucionado para convertirse en un referente en el sector tecnol\u00f3gico. Nuestro compromiso con la excelencia y la innovaci\u00f3n nos ha permitido crecer y adaptarnos a las demandas del mercado de manera exitosa.<\/p><\/div>\n\n\n\n<div class=\"wp-block-uagb-image uagb-block-955c02b2 wp-block-uagb-image--layout-default wp-block-uagb-image--effect-static wp-block-uagb-image--align-none\"><figure class=\"wp-block-uagb-image__figure\"><img decoding=\"async\" srcset=\"https:\/\/inteal.es\/wp-content\/uploads\/2024\/06\/pexels-photo-3184430-3184430-1024x682.jpg ,https:\/\/inteal.es\/wp-content\/uploads\/2024\/06\/pexels-photo-3184430-3184430.jpg 780w, https:\/\/inteal.es\/wp-content\/uploads\/2024\/06\/pexels-photo-3184430-3184430.jpg 360w\" sizes=\"auto, (max-width: 480px) 150px\" src=\"https:\/\/inteal.es\/wp-content\/uploads\/2024\/06\/pexels-photo-3184430-3184430-1024x682.jpg\" alt=\"pexels-photo-3184430-3184430.jpg\" class=\"uag-image-489\" width=\"1200\" height=\"450\" title=\"pexels-photo-3184430-3184430\" loading=\"lazy\" role=\"img\"\/><\/figure><\/div>\n<\/div><\/div>\n\n\n\n<div class=\"wp-block-uagb-container uagb-block-9835541a alignfull uagb-is-root-container\"><div class=\"uagb-container-inner-blocks-wrap\">\n<div class=\"wp-block-uagb-advanced-heading uagb-block-2a7e709e\"><p class=\"uagb-desc-text\">Company Mission and Values<\/p><h2 class=\"uagb-heading-text\">Our mission and values<\/h2><\/div>\n\n\n\n<div class=\"wp-block-uagb-container uagb-block-bee5e08e\">\n<div class=\"wp-block-uagb-advanced-heading uagb-block-4c11c17e\"><h3 class=\"uagb-heading-text\">Our mission<\/h3><p class=\"uagb-desc-text\">En Inteal, nos esforzamos por ofrecer soluciones tecnol\u00f3gicas innovadoras y de calidad que impulsen el \u00e9xito de nuestros clientes y contribuyan al progreso en el sector.<\/p><\/div>\n\n\n\n<div class=\"wp-block-uagb-advanced-heading uagb-block-96847d37\"><h3 class=\"uagb-heading-text\">Our values<\/h3><p class=\"uagb-desc-text\">In our daily work we are guided by transparency, excellence, ethics and commitment to customer satisfaction.<\/p><\/div>\n<\/div>\n<\/div><\/div>\n\n\n\n<div class=\"wp-block-uagb-container uagb-layout-grid uagb-block-d3a06ec4 alignfull uagb-is-root-container\"><div class=\"uagb-container-inner-blocks-wrap\">\n<div class=\"wp-block-uagb-image uagb-block-39d5907e wp-block-uagb-image--layout-default wp-block-uagb-image--effect-static wp-block-uagb-image--align-none\"><figure class=\"wp-block-uagb-image__figure\"><img decoding=\"async\" srcset=\"https:\/\/inteal.es\/wp-content\/uploads\/2024\/06\/g7722a8274af1168c3a9868572141667fb7820df69107c315037a715d60c96a898ca00975d3c7a74e4152cb4a6f9c0d17a60a0dcc07493ec4425b78e99e65b6c6_1280-1080584-1024x682.jpg ,https:\/\/inteal.es\/wp-content\/uploads\/2024\/06\/g7722a8274af1168c3a9868572141667fb7820df69107c315037a715d60c96a898ca00975d3c7a74e4152cb4a6f9c0d17a60a0dcc07493ec4425b78e99e65b6c6_1280-1080584.jpg 780w, https:\/\/inteal.es\/wp-content\/uploads\/2024\/06\/g7722a8274af1168c3a9868572141667fb7820df69107c315037a715d60c96a898ca00975d3c7a74e4152cb4a6f9c0d17a60a0dcc07493ec4425b78e99e65b6c6_1280-1080584.jpg 360w\" sizes=\"auto, (max-width: 480px) 150px\" src=\"https:\/\/inteal.es\/wp-content\/uploads\/2024\/06\/g7722a8274af1168c3a9868572141667fb7820df69107c315037a715d60c96a898ca00975d3c7a74e4152cb4a6f9c0d17a60a0dcc07493ec4425b78e99e65b6c6_1280-1080584-1024x682.jpg\" alt=\"g7722a8274af1168c3a9868572141667fb7820df69107c315037a715d60c96a898ca00975d3c7a74e4152cb4a6f9c0d17a60a0dcc07493ec4425b78e99e65b6c6_1280-1080584.jpg\" class=\"uag-image-455\" width=\"560\" height=\"500\" title=\"g7722a8274af1168c3a9868572141667fb7820df69107c315037a715d60c96a898ca00975d3c7a74e4152cb4a6f9c0d17a60a0dcc07493ec4425b78e99e65b6c6_1280-1080584\" loading=\"lazy\" role=\"img\"\/><\/figure><\/div>\n\n\n\n<div class=\"wp-block-uagb-info-box uagb-block-92f0d55a uagb-infobox__content-wrap  uagb-infobox-icon-above-title uagb-infobox-image-valign-top wp-block-uagb-info-box--has-margin\"><div class=\"uagb-infobox-margin-wrapper\"><div class=\"uagb-ifb-content\"><div class=\"uagb-ifb-title-wrap\"><span class=\"uagb-ifb-title-prefix\">Do you want to know more?<\/span><h2 class=\"uagb-ifb-title\">Contact us and transform your company today<\/h2><\/div><p class=\"uagb-ifb-desc\">Call or send us a message for a free personalized consultation.<\/p><div class=\"uagb-ifb-button-wrapper wp-block-button\"><a href=\"\/contact\/\" class=\"uagb-infobox-cta-link wp-block-button__link\" target=\"_self\" rel=\"noopener noreferrer\" onclick=\"return true;\"><span class=\"uagb-inline-editing\">Contact us<\/span><\/a><\/div><\/div><\/div><\/div>\n<\/div><\/div>","protected":false},"excerpt":{"rendered":"<p>Sobre Nosotros Descubre m\u00e1s sobre INTEAL Historia de Nuestra Trayectoria en el Mercado Desde nuestra fundaci\u00f3n, Inteal ha evolucionado para [&hellip;]<\/p>\n","protected":false},"author":1,"featured_media":0,"parent":0,"menu_order":0,"comment_status":"closed","ping_status":"closed","template":"","meta":{"_uag_custom_page_level_css":"","site-sidebar-layout":"default","site-content-layout":"","ast-site-content-layout":"default","site-content-style":"default","site-sidebar-style":"default","ast-global-header-display":"","ast-banner-title-visibility":"","ast-main-header-display":"","ast-hfb-above-header-display":"","ast-hfb-below-header-display":"","ast-hfb-mobile-header-display":"","site-post-title":"disabled","ast-breadcrumbs-content":"","ast-featured-img":"","footer-sml-layout":"","ast-disable-related-posts":"","theme-transparent-header-meta":"","adv-header-id-meta":"","stick-header-meta":"","header-above-stick-meta":"","header-main-stick-meta":"","header-below-stick-meta":"","astra-migrate-meta-layouts":"default","ast-page-background-enabled":"default","ast-page-background-meta":{"desktop":{"background-color":"var(--ast-global-color-4)","background-image":"","background-repeat":"repeat","background-position":"center center","background-size":"auto","background-attachment":"scroll","background-type":"","background-media":"","overlay-type":"","overlay-color":"","overlay-opacity":"","overlay-gradient":""},"tablet":{"background-color":"","background-image":"","background-repeat":"repeat","background-position":"center center","background-size":"auto","background-attachment":"scroll","background-type":"","background-media":"","overlay-type":"","overlay-color":"","overlay-opacity":"","overlay-gradient":""},"mobile":{"background-color":"","background-image":"","background-repeat":"repeat","background-position":"center center","background-size":"auto","background-attachment":"scroll","background-type":"","background-media":"","overlay-type":"","overlay-color":"","overlay-opacity":"","overlay-gradient":""}},"ast-content-background-meta":{"desktop":{"background-color":"var(--ast-global-color-5)","background-image":"","background-repeat":"repeat","background-position":"center center","background-size":"auto","background-attachment":"scroll","background-type":"","background-media":"","overlay-type":"","overlay-color":"","overlay-opacity":"","overlay-gradient":""},"tablet":{"background-color":"var(--ast-global-color-5)","background-image":"","background-repeat":"repeat","background-position":"center center","background-size":"auto","background-attachment":"scroll","background-type":"","background-media":"","overlay-type":"","overlay-color":"","overlay-opacity":"","overlay-gradient":""},"mobile":{"background-color":"var(--ast-global-color-5)","background-image":"","background-repeat":"repeat","background-position":"center center","background-size":"auto","background-attachment":"scroll","background-type":"","background-media":"","overlay-type":"","overlay-color":"","overlay-opacity":"","overlay-gradient":""}},"footnotes":""},"class_list":["post-279","page","type-page","status-publish","hentry"],"aioseo_notices":[],"uagb_featured_image_src":{"full":false,"thumbnail":false,"medium":false,"medium_large":false,"large":false,"1536x1536":false,"2048x2048":false,"trp-custom-language-flag":false},"uagb_author_info":{"display_name":"inteal.es","author_link":"https:\/\/www.inteal.es\/en\/author\/mediumvioletred-wallaby-877783-hostingersite-com\/"},"uagb_comment_info":0,"uagb_excerpt":"Sobre Nosotros Descubre m\u00e1s sobre INTEAL Historia de Nuestra Trayectoria en el Mercado Desde nuestra fundaci\u00f3n, Inteal ha evolucionado para [&hellip;]","_links":{"self":[{"href":"https:\/\/www.inteal.es\/en\/wp-json\/wp\/v2\/pages\/279","targetHints":{"allow":["GET"]}}],"collection":[{"href":"https:\/\/www.inteal.es\/en\/wp-json\/wp\/v2\/pages"}],"about":[{"href":"https:\/\/www.inteal.es\/en\/wp-json\/wp\/v2\/types\/page"}],"author":[{"embeddable":true,"href":"https:\/\/www.inteal.es\/en\/wp-json\/wp\/v2\/users\/1"}],"replies":[{"embeddable":true,"href":"https:\/\/www.inteal.es\/en\/wp-json\/wp\/v2\/comments?post=279"}],"version-history":[{"count":7,"href":"https:\/\/www.inteal.es\/en\/wp-json\/wp\/v2\/pages\/279\/revisions"}],"predecessor-version":[{"id":621,"href":"https:\/\/www.inteal.es\/en\/wp-json\/wp\/v2\/pages\/279\/revisions\/621"}],"wp:attachment":[{"href":"https:\/\/www.inteal.es\/en\/wp-json\/wp\/v2\/media?parent=279"}],"curies":[{"name":"wp","href":"https:\/\/api.w.org\/{rel}","templated":true}]}}