{"id":278,"date":"2024-06-03T13:27:18","date_gmt":"2024-06-03T11:27:18","guid":{"rendered":"https:\/\/inteal.es\/home\/"},"modified":"2024-08-20T11:21:29","modified_gmt":"2024-08-20T09:21:29","slug":"home","status":"publish","type":"page","link":"https:\/\/www.inteal.es\/es_es\/","title":{"rendered":"Inicio"},"content":{"rendered":"\n<div id=\"inteal.es\" class=\"wp-block-uagb-container uagb-block-d43d0c88 alignfull uagb-is-root-container\"><div class=\"uagb-container-inner-blocks-wrap\">\n<div class=\"wp-block-uagb-info-box uagb-block-5c0134f2 uagb-infobox__content-wrap  uagb-infobox-icon-above-title uagb-infobox-image-valign-top wp-block-uagb-info-box--has-margin\" id=\"https:\/\/inteal-es.preview-domain.com\/wp-admin\/post.php?post=282&amp;action=edit\"><div class=\"uagb-infobox-margin-wrapper\"><div class=\"uagb-ifb-content\"><div class=\"uagb-ifb-title-wrap\"><span class=\"uagb-ifb-title-prefix\">Bienvenido a<\/span><h1 class=\"uagb-ifb-title\">INTEAL &#8211; Soluciones Tecnol\u00f3gicas a tu Alcance<\/h1><\/div><p class=\"uagb-ifb-desc\">Descubre c\u00f3mo podemos ayudarte a optimizar tus operaciones con soluciones tecnol\u00f3gicas innovadoras y de calidad.<\/p><div class=\"uagb-ifb-button-wrapper wp-block-button\"><a href=\"contact\/\" class=\"uagb-infobox-cta-link wp-block-button__link\" target=\"_self\" rel=\"noopener noreferrer\" onclick=\"return true;\"><span class=\"uagb-inline-editing\">Cont\u00e1ctanos<\/span><\/a><\/div><\/div><\/div><\/div>\n<\/div><\/div>\n\n\n\n<div class=\"wp-block-uagb-container uagb-block-76c8b8b0 alignfull uagb-is-root-container\"><div class=\"uagb-container-inner-blocks-wrap\">\n<div class=\"wp-block-uagb-container uagb-block-dcadb737\"><\/div>\n<\/div><\/div>\n\n\n\n<div class=\"wp-block-uagb-container uagb-block-4a98bd51 alignfull uagb-is-root-container\">\n<div class=\"wp-block-uagb-container uagb-block-26dfe135\">\n<div class=\"wp-block-uagb-info-box uagb-block-d0a3b503 uagb-infobox__content-wrap  uagb-infobox-icon-above-title uagb-infobox-image-valign-top wp-block-uagb-info-box--has-margin\" id=\"https:\/\/inteal.es\/es_es\/sobre-nosotros\/\"><div class=\"uagb-infobox-margin-wrapper\"><div class=\"uagb-ifb-content\"><div class=\"uagb-ifb-title-wrap\"><span class=\"uagb-ifb-title-prefix\">\u00bfQui\u00e9nes somos?<\/span><h2 class=\"uagb-ifb-title\">La historia detr\u00e1s de Inteal<\/h2><\/div><p class=\"uagb-ifb-desc\">En Inteal, nos especializamos en proporcionar servicios de mantenimiento y montaje industrial, automatizaci\u00f3n de procesos y asesor\u00eda tecnol\u00f3gica. Nuestra empresa naci\u00f3 con la visi\u00f3n de revolucionar el sector industrial mediante la integraci\u00f3n de tecnolog\u00edas avanzadas y soluciones personalizadas. Con un equipo de expertos comprometidos con la excelencia, nos dedicamos a optimizar la eficiencia operativa y garantizar la seguridad de las instalaciones de nuestros clientes. En Inteal, no solo resolvemos los desaf\u00edos actuales, sino que tambi\u00e9n anticipamos y preparamos a nuestros clientes para los retos futuros, convirti\u00e9ndonos en su aliado estrat\u00e9gico en el camino hacia la innovaci\u00f3n y la sostenibilidad.<\/p><div class=\"uagb-ifb-button-wrapper wp-block-button\"><a href=\"https:\/\/www.inteal.es\/es_es\/sobre-nosotros\/\" class=\"uagb-infobox-cta-link wp-block-button__link\" target=\"_self\" rel=\"noopener noreferrer\" onclick=\"return true;\"><span class=\"uagb-inline-editing\">Leer m\u00e1s<\/span><\/a><\/div><\/div><\/div><\/div>\n<\/div>\n<\/div>\n\n\n\n<div class=\"wp-block-uagb-container uagb-block-aa1f1cef alignfull uagb-is-root-container\"><div class=\"uagb-container-inner-blocks-wrap\">\n<div class=\"wp-block-uagb-advanced-heading uagb-block-21d8d6d7\"><p class=\"uagb-desc-text\">Nuestros servicios<\/p><h2 class=\"uagb-heading-text\">\u00bfEn qu\u00e9 podemos ayudarte?<\/h2><\/div>\n\n\n\n<div class=\"wp-block-uagb-container uagb-layout-grid uagb-block-cd9a64e5\">\n<div class=\"wp-block-uagb-container uagb-layout-grid uagb-block-aa896450\">\n<div class=\"wp-block-uagb-advanced-heading uagb-block-030e9aae\"><h2 class=\"uagb-heading-text\">01<\/h2><\/div>\n\n\n\n<div class=\"wp-block-uagb-info-box uagb-block-6a400f61 uagb-infobox__content-wrap  uagb-infobox-icon-above-title uagb-infobox-image-valign-top\" id=\"https:\/\/inteal.es\/es_es\/servicios\/\"><div class=\"uagb-ifb-content\"><div class=\"uagb-ifb-title-wrap\"><h3 class=\"uagb-ifb-title\">Mantenimiento Industrial<\/h3><\/div><p class=\"uagb-ifb-desc\">Expertos en mantenimiento industrial para garantizar la continuidad y eficiencia operativa de tu negocio.<\/p><div class=\"uagb-ifb-button-wrapper wp-block-button\"><a href=\"https:\/\/www.inteal.es\/es_es\/servicios\/\" class=\"uagb-infobox-cta-link wp-block-button__link\" target=\"_self\" rel=\"noopener noreferrer\" onclick=\"return true;\"><span class=\"uagb-inline-editing\">Leer m\u00e1s<\/span><\/a><\/div><\/div><\/div>\n<\/div>\n\n\n\n<div class=\"wp-block-uagb-container uagb-layout-grid uagb-block-43abfb0a\">\n<div class=\"wp-block-uagb-advanced-heading uagb-block-0d81af66\"><h2 class=\"uagb-heading-text\">02<\/h2><\/div>\n\n\n\n<div class=\"wp-block-uagb-info-box uagb-block-13de63c1 uagb-infobox__content-wrap  uagb-infobox-icon-above-title uagb-infobox-image-valign-top\" id=\"https:\/\/inteal.es\/es_es\/servicios\/\"><div class=\"uagb-ifb-content\"><div class=\"uagb-ifb-title-wrap\"><h3 class=\"uagb-ifb-title\">Automatizaci\u00f3n de Procesos<\/h3><\/div><p class=\"uagb-ifb-desc\">Optimiza tu producci\u00f3n con soluciones avanzadas de automatizaci\u00f3n de procesos para una mayor eficiencia y precisi\u00f3n.<\/p><div class=\"uagb-ifb-button-wrapper wp-block-button\"><a href=\"https:\/\/www.inteal.es\/es_es\/servicios\/\" class=\"uagb-infobox-cta-link wp-block-button__link\" target=\"_self\" rel=\"noopener noreferrer\" onclick=\"return true;\"><span class=\"uagb-inline-editing\">Leer m\u00e1s<\/span><\/a><\/div><\/div><\/div>\n<\/div>\n\n\n\n<div class=\"wp-block-uagb-container uagb-layout-grid uagb-block-27f2f640\">\n<div class=\"wp-block-uagb-advanced-heading uagb-block-bc8b8e20\"><h2 class=\"uagb-heading-text\">03.<\/h2><\/div>\n\n\n\n<div class=\"wp-block-uagb-info-box uagb-block-4eac6530 uagb-infobox__content-wrap  uagb-infobox-icon-above-title uagb-infobox-image-valign-top\" id=\"https:\/\/inteal.es\/es_es\/servicios\/\"><div class=\"uagb-ifb-content\"><div class=\"uagb-ifb-title-wrap\"><h3 class=\"uagb-ifb-title\">Asesor\u00eda Tecnol\u00f3gica<\/h3><\/div><p class=\"uagb-ifb-desc\">Impulsa tu negocio con nuestra asesor\u00eda tecnol\u00f3gica especializada y soluciones innovadoras.<\/p><div class=\"uagb-ifb-button-wrapper wp-block-button\"><a href=\"https:\/\/www.inteal.es\/es_es\/servicios\/\" class=\"uagb-infobox-cta-link wp-block-button__link\" target=\"_self\" rel=\"noopener noreferrer\" onclick=\"return true;\"><span class=\"uagb-inline-editing\">Leer m\u00e1s<\/span><\/a><\/div><\/div><\/div>\n<\/div>\n\n\n\n<div class=\"wp-block-uagb-container uagb-layout-grid uagb-block-0c99d046\">\n<div class=\"wp-block-uagb-advanced-heading uagb-block-ce14ca20\"><h2 class=\"uagb-heading-text\">04.<\/h2><\/div>\n\n\n\n<div class=\"wp-block-uagb-info-box uagb-block-ff3657d8 uagb-infobox__content-wrap  uagb-infobox-icon-above-title uagb-infobox-image-valign-top\" id=\"https:\/\/inteal.es\/es_es\/servicios\/\"><div class=\"uagb-ifb-content\"><div class=\"uagb-ifb-title-wrap\"><h3 class=\"uagb-ifb-title\">Montajes industriales<\/h3><\/div><p class=\"uagb-ifb-desc\">Soluciones integrales y eficientes en montajes industriales para maximizar la productividad y seguridad de tu empresa.<\/p><div class=\"uagb-ifb-button-wrapper wp-block-button\"><a href=\"https:\/\/www.inteal.es\/es_es\/servicios\/\" class=\"uagb-infobox-cta-link wp-block-button__link\" target=\"_self\" rel=\"noopener noreferrer\" onclick=\"return true;\"><span class=\"uagb-inline-editing\">Leer m\u00e1s<\/span><\/a><\/div><\/div><\/div>\n<\/div>\n\n\n\n<div class=\"wp-block-uagb-container uagb-layout-grid uagb-block-2db6e462\">\n<div class=\"wp-block-uagb-advanced-heading uagb-block-8c257b62\"><h2 class=\"uagb-heading-text\">05.<\/h2><\/div>\n\n\n\n<div class=\"wp-block-uagb-info-box uagb-block-807eb4b4 uagb-infobox__content-wrap  uagb-infobox-icon-above-title uagb-infobox-image-valign-top\" id=\"https:\/\/inteal.es\/es_es\/servicios\/\"><div class=\"uagb-ifb-content\"><div class=\"uagb-ifb-title-wrap\"><h3 class=\"uagb-ifb-title\">Limpiezas industriales<\/h3><\/div><p class=\"uagb-ifb-desc\">Mantenemos sus instalaciones limpias y seguras con t\u00e9cnicas avanzadas y productos ecol\u00f3gicos.<\/p><div class=\"uagb-ifb-button-wrapper wp-block-button\"><a href=\"https:\/\/www.inteal.es\/es_es\/servicios\/\" class=\"uagb-infobox-cta-link wp-block-button__link\" target=\"_self\" rel=\"noopener noreferrer\" onclick=\"return true;\"><span class=\"uagb-inline-editing\">Leer m\u00e1s<\/span><\/a><\/div><\/div><\/div>\n<\/div>\n<\/div>\n<\/div><\/div>\n\n\n\n<div class=\"wp-block-uagb-container uagb-block-4394c52e alignfull uagb-is-root-container\"><div class=\"uagb-container-inner-blocks-wrap\">\n<div class=\"wp-block-uagb-info-box uagb-block-f9153e15 uagb-infobox__content-wrap  uagb-infobox-icon-above-title uagb-infobox-image-valign-top wp-block-uagb-info-box--has-margin\"><div class=\"uagb-infobox-margin-wrapper\"><div class=\"uagb-ifb-content\"><div class=\"uagb-ifb-title-wrap\"><span class=\"uagb-ifb-title-prefix\">\u00bfNecesitas ayuda?<\/span><h2 class=\"uagb-ifb-title\">Expertos en soluciones tecnol\u00f3gicas a tu disposici\u00f3n<\/h2><\/div><p class=\"uagb-ifb-desc\">Contacta con nosotros para obtener una asesor\u00eda personalizada y mejorar la eficiencia de tus operaciones<\/p><div class=\"uagb-ifb-button-wrapper wp-block-button\"><a href=\"contact\/\" class=\"uagb-infobox-cta-link wp-block-button__link\" target=\"_self\" rel=\"noopener noreferrer\" onclick=\"return true;\"><span class=\"uagb-inline-editing\">Cont\u00e1ctanos<\/span><\/a><\/div><\/div><\/div><\/div>\n<\/div><\/div>\n\n\n\n<div class=\"wp-block-uagb-container uagb-block-6d9c5ae9 alignfull uagb-is-root-container\"><div class=\"uagb-container-inner-blocks-wrap\">\n<div class=\"wp-block-uagb-advanced-heading uagb-block-d25f663e\"><p class=\"uagb-desc-text\">Nuestra propuesta<\/p><h2 class=\"uagb-heading-text\">\u00bfPor qu\u00e9 elegirnos?<\/h2><\/div>\n\n\n\n<div class=\"wp-block-uagb-container uagb-block-9d7114b3\">\n<div class=\"wp-block-uagb-container uagb-block-b8342f71\">\n<div class=\"wp-block-uagb-info-box uagb-block-2fba8f42 uagb-infobox__content-wrap  uagb-infobox-icon-above-title uagb-infobox-image-valign-top wp-block-uagb-info-box--has-margin\"><div class=\"uagb-infobox-margin-wrapper\"><div class=\"uagb-ifb-content\"><div class=\"uagb-ifb-title-wrap\"><p class=\"uagb-ifb-title-prefix\">01<\/p><h3 class=\"uagb-ifb-title\">Innovaci\u00f3n<\/h3><\/div><p class=\"uagb-ifb-desc\">En Inteal, nos apasiona la innovaci\u00f3n. Nos mantenemos a la vanguardia de la tecnolog\u00eda para ofrecerte soluciones de \u00faltima generaci\u00f3n que transformen y optimicen tus procesos industriales.<\/p><div class=\"uagb-ifb-separator\"><\/div><\/div><\/div><\/div>\n\n\n\n<div class=\"wp-block-uagb-info-box uagb-block-aeb729fb uagb-infobox__content-wrap  uagb-infobox-icon-above-title uagb-infobox-image-valign-top wp-block-uagb-info-box--has-margin\"><div class=\"uagb-infobox-margin-wrapper\"><div class=\"uagb-ifb-content\"><div class=\"uagb-ifb-title-wrap\"><p class=\"uagb-ifb-title-prefix\">02<\/p><h3 class=\"uagb-ifb-title\">Compromiso<\/h3><\/div><p class=\"uagb-ifb-desc\">Tu \u00e9xito es nuestra prioridad. Nos comprometemos a brindar servicios de la m\u00e1s alta calidad, asegurando que tus operaciones sean eficientes, seguras y sostenibles.<\/p><div class=\"uagb-ifb-separator\"><\/div><\/div><\/div><\/div>\n\n\n\n<div class=\"wp-block-uagb-info-box uagb-block-7d7b195d uagb-infobox__content-wrap  uagb-infobox-icon-above-title uagb-infobox-image-valign-top wp-block-uagb-info-box--has-margin\"><div class=\"uagb-infobox-margin-wrapper\"><div class=\"uagb-ifb-content\"><div class=\"uagb-ifb-title-wrap\"><p class=\"uagb-ifb-title-prefix\">03<\/p><h3 class=\"uagb-ifb-title\">Experiencia<\/h3><\/div><p class=\"uagb-ifb-desc\">Conf\u00eda en los mejores. Nuestro equipo de expertos cuenta con a\u00f1os de experiencia y un historial comprobado en el desarrollo e implementaci\u00f3n de soluciones tecnol\u00f3gicas personalizadas.<\/p><\/div><\/div><\/div>\n<\/div>\n<\/div>\n<\/div><\/div>\n\n\n\n<div class=\"wp-block-uagb-container uagb-layout-grid uagb-block-df3aaf2d alignfull uagb-is-root-container\">\n<div class=\"wp-block-uagb-image uagb-block-43fd52bc wp-block-uagb-image--layout-default wp-block-uagb-image--effect-static wp-block-uagb-image--align-none\"><figure class=\"wp-block-uagb-image__figure\"><img decoding=\"async\" srcset=\"https:\/\/www.inteal.es\/wp-content\/uploads\/2024\/06\/g98c9265187eda2200b0a73b02da01bf4ec622021da1d0bd7dc626b10357fc7423d13877cd5f8f47f9297ca83126208a4c1300ae9f13cf8ecb26efc197d2ceb03_1280-2791678-682x1024.jpg ,https:\/\/www.inteal.es\/wp-content\/uploads\/2024\/06\/g98c9265187eda2200b0a73b02da01bf4ec622021da1d0bd7dc626b10357fc7423d13877cd5f8f47f9297ca83126208a4c1300ae9f13cf8ecb26efc197d2ceb03_1280-2791678.jpg 780w, https:\/\/www.inteal.es\/wp-content\/uploads\/2024\/06\/g98c9265187eda2200b0a73b02da01bf4ec622021da1d0bd7dc626b10357fc7423d13877cd5f8f47f9297ca83126208a4c1300ae9f13cf8ecb26efc197d2ceb03_1280-2791678.jpg 360w\" sizes=\"auto, (max-width: 480px) 150px\" src=\"https:\/\/www.inteal.es\/wp-content\/uploads\/2024\/06\/g98c9265187eda2200b0a73b02da01bf4ec622021da1d0bd7dc626b10357fc7423d13877cd5f8f47f9297ca83126208a4c1300ae9f13cf8ecb26efc197d2ceb03_1280-2791678-682x1024.jpg\" alt=\"g98c9265187eda2200b0a73b02da01bf4ec622021da1d0bd7dc626b10357fc7423d13877cd5f8f47f9297ca83126208a4c1300ae9f13cf8ecb26efc197d2ceb03_1280-2791678.jpg\" class=\"uag-image-483\" width=\"476\" height=\"500\" title=\"g98c9265187eda2200b0a73b02da01bf4ec622021da1d0bd7dc626b10357fc7423d13877cd5f8f47f9297ca83126208a4c1300ae9f13cf8ecb26efc197d2ceb03_1280-2791678\" loading=\"lazy\" role=\"img\"\/><\/figure><\/div>\n\n\n\n<div class=\"wp-block-uagb-image uagb-block-f068be6b wp-block-uagb-image--layout-default wp-block-uagb-image--effect-static wp-block-uagb-image--align-none\"><figure class=\"wp-block-uagb-image__figure\"><img decoding=\"async\" srcset=\"https:\/\/www.inteal.es\/wp-content\/uploads\/2024\/06\/gb7d69fbd5b69fd61d2a4b65cb6f47d3e67eaa3a321077ac9eb3d30d5612bc17d6e3d1c96a63e9465addc8c9a40e976a6537a68af6241ca3635259cc8150ed813_1280-2791671-1024x682.jpg ,https:\/\/www.inteal.es\/wp-content\/uploads\/2024\/06\/gb7d69fbd5b69fd61d2a4b65cb6f47d3e67eaa3a321077ac9eb3d30d5612bc17d6e3d1c96a63e9465addc8c9a40e976a6537a68af6241ca3635259cc8150ed813_1280-2791671.jpg 780w, https:\/\/www.inteal.es\/wp-content\/uploads\/2024\/06\/gb7d69fbd5b69fd61d2a4b65cb6f47d3e67eaa3a321077ac9eb3d30d5612bc17d6e3d1c96a63e9465addc8c9a40e976a6537a68af6241ca3635259cc8150ed813_1280-2791671.jpg 360w\" sizes=\"auto, (max-width: 480px) 150px\" src=\"https:\/\/www.inteal.es\/wp-content\/uploads\/2024\/06\/gb7d69fbd5b69fd61d2a4b65cb6f47d3e67eaa3a321077ac9eb3d30d5612bc17d6e3d1c96a63e9465addc8c9a40e976a6537a68af6241ca3635259cc8150ed813_1280-2791671-1024x682.jpg\" alt=\"gb7d69fbd5b69fd61d2a4b65cb6f47d3e67eaa3a321077ac9eb3d30d5612bc17d6e3d1c96a63e9465addc8c9a40e976a6537a68af6241ca3635259cc8150ed813_1280-2791671.jpg\" class=\"uag-image-454\" width=\"476\" height=\"500\" title=\"gb7d69fbd5b69fd61d2a4b65cb6f47d3e67eaa3a321077ac9eb3d30d5612bc17d6e3d1c96a63e9465addc8c9a40e976a6537a68af6241ca3635259cc8150ed813_1280-2791671\" loading=\"lazy\" role=\"img\"\/><\/figure><\/div>\n\n\n\n<div class=\"wp-block-uagb-image uagb-block-2ab3f66e wp-block-uagb-image--layout-default wp-block-uagb-image--effect-static wp-block-uagb-image--align-none\"><figure class=\"wp-block-uagb-image__figure\"><img decoding=\"async\" srcset=\"https:\/\/www.inteal.es\/wp-content\/uploads\/2024\/06\/gb8602530ff3dca2089c49fd8f988d0c9e0c63110bd73b81ae09810b34467b1859d16b87a506787c695e2cb510096c4c834bd734cb46a05ef09554fc515eaa60c_1280-3664108-1024x682.jpg ,https:\/\/www.inteal.es\/wp-content\/uploads\/2024\/06\/gb8602530ff3dca2089c49fd8f988d0c9e0c63110bd73b81ae09810b34467b1859d16b87a506787c695e2cb510096c4c834bd734cb46a05ef09554fc515eaa60c_1280-3664108.jpg 780w, https:\/\/www.inteal.es\/wp-content\/uploads\/2024\/06\/gb8602530ff3dca2089c49fd8f988d0c9e0c63110bd73b81ae09810b34467b1859d16b87a506787c695e2cb510096c4c834bd734cb46a05ef09554fc515eaa60c_1280-3664108.jpg 360w\" sizes=\"auto, (max-width: 480px) 150px\" src=\"https:\/\/www.inteal.es\/wp-content\/uploads\/2024\/06\/gb8602530ff3dca2089c49fd8f988d0c9e0c63110bd73b81ae09810b34467b1859d16b87a506787c695e2cb510096c4c834bd734cb46a05ef09554fc515eaa60c_1280-3664108-1024x682.jpg\" alt=\"gb8602530ff3dca2089c49fd8f988d0c9e0c63110bd73b81ae09810b34467b1859d16b87a506787c695e2cb510096c4c834bd734cb46a05ef09554fc515eaa60c_1280-3664108.jpg\" class=\"uag-image-472\" width=\"476\" height=\"500\" title=\"gb8602530ff3dca2089c49fd8f988d0c9e0c63110bd73b81ae09810b34467b1859d16b87a506787c695e2cb510096c4c834bd734cb46a05ef09554fc515eaa60c_1280-3664108\" loading=\"lazy\" role=\"img\"\/><\/figure><\/div>\n\n\n\n<div class=\"wp-block-uagb-image uagb-block-cb4b19b9 wp-block-uagb-image--layout-default wp-block-uagb-image--effect-static wp-block-uagb-image--align-none\"><figure class=\"wp-block-uagb-image__figure\"><img decoding=\"async\" srcset=\"https:\/\/www.inteal.es\/wp-content\/uploads\/2024\/06\/grinder-hitachi-power-tool-flexible-162534-162534-1024x684.jpg ,https:\/\/www.inteal.es\/wp-content\/uploads\/2024\/06\/grinder-hitachi-power-tool-flexible-162534-162534.jpg 780w, https:\/\/www.inteal.es\/wp-content\/uploads\/2024\/06\/grinder-hitachi-power-tool-flexible-162534-162534.jpg 360w\" sizes=\"auto, (max-width: 480px) 150px\" src=\"https:\/\/www.inteal.es\/wp-content\/uploads\/2024\/06\/grinder-hitachi-power-tool-flexible-162534-162534-1024x684.jpg\" alt=\"grinder-hitachi-power-tool-flexible-162534-162534.jpg\" class=\"uag-image-471\" width=\"476\" height=\"500\" title=\"grinder-hitachi-power-tool-flexible-162534-162534\" loading=\"lazy\" role=\"img\"\/><\/figure><\/div>\n<\/div>\n\n\n\n<div class=\"wp-block-uagb-container uagb-layout-grid uagb-block-d3a06ec4 alignfull uagb-is-root-container\"><div class=\"uagb-container-inner-blocks-wrap\">\n<div class=\"wp-block-uagb-image uagb-block-39d5907e wp-block-uagb-image--layout-default wp-block-uagb-image--effect-static wp-block-uagb-image--align-none\"><figure class=\"wp-block-uagb-image__figure\"><img decoding=\"async\" srcset=\"https:\/\/inteal.es\/wp-content\/uploads\/2024\/06\/g7722a8274af1168c3a9868572141667fb7820df69107c315037a715d60c96a898ca00975d3c7a74e4152cb4a6f9c0d17a60a0dcc07493ec4425b78e99e65b6c6_1280-1080584-1024x682.jpg ,https:\/\/inteal.es\/wp-content\/uploads\/2024\/06\/g7722a8274af1168c3a9868572141667fb7820df69107c315037a715d60c96a898ca00975d3c7a74e4152cb4a6f9c0d17a60a0dcc07493ec4425b78e99e65b6c6_1280-1080584.jpg 780w, https:\/\/inteal.es\/wp-content\/uploads\/2024\/06\/g7722a8274af1168c3a9868572141667fb7820df69107c315037a715d60c96a898ca00975d3c7a74e4152cb4a6f9c0d17a60a0dcc07493ec4425b78e99e65b6c6_1280-1080584.jpg 360w\" sizes=\"auto, (max-width: 480px) 150px\" src=\"https:\/\/inteal.es\/wp-content\/uploads\/2024\/06\/g7722a8274af1168c3a9868572141667fb7820df69107c315037a715d60c96a898ca00975d3c7a74e4152cb4a6f9c0d17a60a0dcc07493ec4425b78e99e65b6c6_1280-1080584-1024x682.jpg\" alt=\"g7722a8274af1168c3a9868572141667fb7820df69107c315037a715d60c96a898ca00975d3c7a74e4152cb4a6f9c0d17a60a0dcc07493ec4425b78e99e65b6c6_1280-1080584.jpg\" class=\"uag-image-455\" width=\"560\" height=\"500\" title=\"g7722a8274af1168c3a9868572141667fb7820df69107c315037a715d60c96a898ca00975d3c7a74e4152cb4a6f9c0d17a60a0dcc07493ec4425b78e99e65b6c6_1280-1080584\" loading=\"lazy\" role=\"img\"\/><\/figure><\/div>\n\n\n\n<div class=\"wp-block-uagb-info-box uagb-block-92f0d55a uagb-infobox__content-wrap  uagb-infobox-icon-above-title uagb-infobox-image-valign-top wp-block-uagb-info-box--has-margin\"><div class=\"uagb-infobox-margin-wrapper\"><div class=\"uagb-ifb-content\"><div class=\"uagb-ifb-title-wrap\"><span class=\"uagb-ifb-title-prefix\">\u00bfQuieres saber m\u00e1s?<\/span><h2 class=\"uagb-ifb-title\">Cont\u00e1ctanos y transforma tu empresa hoy mismo<\/h2><\/div><p class=\"uagb-ifb-desc\">Ll\u00e1manos o env\u00edanos un mensaje para recibir una asesor\u00eda personalizada gratuita.<\/p><div class=\"uagb-ifb-button-wrapper wp-block-button\"><a href=\"\/contact\/\" class=\"uagb-infobox-cta-link wp-block-button__link\" target=\"_self\" rel=\"noopener noreferrer\" onclick=\"return true;\"><span class=\"uagb-inline-editing\">Cont\u00e1ctanos<\/span><\/a><\/div><\/div><\/div><\/div>\n<\/div><\/div>\n\n\n\n<div class=\"wp-block-uagb-container uagb-block-cc122910 alignfull uagb-is-root-container\"><div class=\"uagb-container-inner-blocks-wrap\">\n<ul class=\"wp-block-social-links is-layout-flex wp-block-social-links-is-layout-flex\"><li class=\"wp-social-link wp-social-link-linkedin  wp-block-social-link\"><a href=\"https:\/\/www.linkedin.com\/company\/inteal.es\/?viewAsMember=true\" class=\"wp-block-social-link-anchor\"><svg width=\"24\" height=\"24\" viewBox=\"0 0 24 24\" version=\"1.1\" xmlns=\"http:\/\/www.w3.org\/2000\/svg\" aria-hidden=\"true\" focusable=\"false\"><path d=\"M19.7,3H4.3C3.582,3,3,3.582,3,4.3v15.4C3,20.418,3.582,21,4.3,21h15.4c0.718,0,1.3-0.582,1.3-1.3V4.3 C21,3.582,20.418,3,19.7,3z M8.339,18.338H5.667v-8.59h2.672V18.338z M7.004,8.574c-0.857,0-1.549-0.694-1.549-1.548 c0-0.855,0.691-1.548,1.549-1.548c0.854,0,1.547,0.694,1.547,1.548C8.551,7.881,7.858,8.574,7.004,8.574z M18.339,18.338h-2.669 v-4.177c0-0.996-0.017-2.278-1.387-2.278c-1.389,0-1.601,1.086-1.601,2.206v4.249h-2.667v-8.59h2.559v1.174h0.037 c0.356-0.675,1.227-1.387,2.526-1.387c2.703,0,3.203,1.779,3.203,4.092V18.338z\"><\/path><\/svg><span class=\"wp-block-social-link-label screen-reader-text\">LinkedIn<\/span><\/a><\/li><\/ul>\n<\/div><\/div>\n","protected":false},"excerpt":{"rendered":"<p>Nuestros servicios \u00bfEn qu\u00e9 podemos ayudarte? 01 02 03. 04. 05. Nuestra propuesta \u00bfPor qu\u00e9 elegirnos?<\/p>\n","protected":false},"author":1,"featured_media":0,"parent":0,"menu_order":0,"comment_status":"closed","ping_status":"closed","template":"","meta":{"_uag_custom_page_level_css":"","site-sidebar-layout":"default","site-content-layout":"","ast-site-content-layout":"default","site-content-style":"default","site-sidebar-style":"default","ast-global-header-display":"","ast-banner-title-visibility":"","ast-main-header-display":"","ast-hfb-above-header-display":"","ast-hfb-below-header-display":"","ast-hfb-mobile-header-display":"","site-post-title":"disabled","ast-breadcrumbs-content":"","ast-featured-img":"","footer-sml-layout":"","ast-disable-related-posts":"","theme-transparent-header-meta":"enabled","adv-header-id-meta":"","stick-header-meta":"","header-above-stick-meta":"","header-main-stick-meta":"","header-below-stick-meta":"","astra-migrate-meta-layouts":"default","ast-page-background-enabled":"default","ast-page-background-meta":{"desktop":{"background-color":"var(--ast-global-color-4)","background-image":"","background-repeat":"repeat","background-position":"center center","background-size":"auto","background-attachment":"scroll","background-type":"","background-media":"","overlay-type":"","overlay-color":"","overlay-opacity":"","overlay-gradient":""},"tablet":{"background-color":"","background-image":"","background-repeat":"repeat","background-position":"center center","background-size":"auto","background-attachment":"scroll","background-type":"","background-media":"","overlay-type":"","overlay-color":"","overlay-opacity":"","overlay-gradient":""},"mobile":{"background-color":"","background-image":"","background-repeat":"repeat","background-position":"center center","background-size":"auto","background-attachment":"scroll","background-type":"","background-media":"","overlay-type":"","overlay-color":"","overlay-opacity":"","overlay-gradient":""}},"ast-content-background-meta":{"desktop":{"background-color":"var(--ast-global-color-5)","background-image":"","background-repeat":"repeat","background-position":"center center","background-size":"auto","background-attachment":"scroll","background-type":"","background-media":"","overlay-type":"","overlay-color":"","overlay-opacity":"","overlay-gradient":""},"tablet":{"background-color":"var(--ast-global-color-5)","background-image":"","background-repeat":"repeat","background-position":"center center","background-size":"auto","background-attachment":"scroll","background-type":"","background-media":"","overlay-type":"","overlay-color":"","overlay-opacity":"","overlay-gradient":""},"mobile":{"background-color":"var(--ast-global-color-5)","background-image":"","background-repeat":"repeat","background-position":"center center","background-size":"auto","background-attachment":"scroll","background-type":"","background-media":"","overlay-type":"","overlay-color":"","overlay-opacity":"","overlay-gradient":""}},"footnotes":""},"class_list":["post-278","page","type-page","status-publish","hentry"],"aioseo_notices":[],"uagb_featured_image_src":{"full":false,"thumbnail":false,"medium":false,"medium_large":false,"large":false,"1536x1536":false,"2048x2048":false,"trp-custom-language-flag":false},"uagb_author_info":{"display_name":"inteal.es","author_link":"https:\/\/www.inteal.es\/es_es\/author\/mediumvioletred-wallaby-877783-hostingersite-com\/"},"uagb_comment_info":0,"uagb_excerpt":"Nuestros servicios \u00bfEn qu\u00e9 podemos ayudarte? 01 02 03. 04. 05. Nuestra propuesta \u00bfPor qu\u00e9 elegirnos?","_links":{"self":[{"href":"https:\/\/www.inteal.es\/es_es\/wp-json\/wp\/v2\/pages\/278","targetHints":{"allow":["GET"]}}],"collection":[{"href":"https:\/\/www.inteal.es\/es_es\/wp-json\/wp\/v2\/pages"}],"about":[{"href":"https:\/\/www.inteal.es\/es_es\/wp-json\/wp\/v2\/types\/page"}],"author":[{"embeddable":true,"href":"https:\/\/www.inteal.es\/es_es\/wp-json\/wp\/v2\/users\/1"}],"replies":[{"embeddable":true,"href":"https:\/\/www.inteal.es\/es_es\/wp-json\/wp\/v2\/comments?post=278"}],"version-history":[{"count":51,"href":"https:\/\/www.inteal.es\/es_es\/wp-json\/wp\/v2\/pages\/278\/revisions"}],"predecessor-version":[{"id":763,"href":"https:\/\/www.inteal.es\/es_es\/wp-json\/wp\/v2\/pages\/278\/revisions\/763"}],"wp:attachment":[{"href":"https:\/\/www.inteal.es\/es_es\/wp-json\/wp\/v2\/media?parent=278"}],"curies":[{"name":"wp","href":"https:\/\/api.w.org\/{rel}","templated":true}]}}